{"id":2265,"date":"2025-01-08T22:48:35","date_gmt":"2025-01-08T22:48:35","guid":{"rendered":"https:\/\/saludmentalalmeria.com\/?page_id=2265"},"modified":"2025-01-08T22:48:36","modified_gmt":"2025-01-08T22:48:36","slug":"psiquiatra-forense-derecho-contencioso-administrativo","status":"publish","type":"page","link":"https:\/\/saludmentalalmeria.com\/en\/psiquiatra-forense-derecho-contencioso-administrativo","title":{"rendered":"Derecho Contencioso-Administrativo"},"content":{"rendered":"<p>La pr\u00e1ctica de la Medicina no deja de ser una&nbsp;<strong>profesi\u00f3n de riesgo legal<\/strong>. Los m\u00e9dicos est\u00e1n acostumbrados a tomar decisiones en el marco de la incertidumbre, y esto no siempre es entendido por los pacientes y sus familiares, siendo las demandas por&nbsp;<strong>errores m\u00e9dicos&nbsp;<\/strong>(diagn\u00f3sticos o terap\u00e9uticos) cada vez m\u00e1s frecuentes en los juzgados de nuestro pa\u00eds. As\u00ed, los procedimientos de&nbsp;<strong>responsabilidad patrimonial&nbsp;<\/strong>(v\u00eda contencioso-administrativa), como las demandas dirigidas hacia&nbsp;<strong>m\u00e9dicos en particular&nbsp;<\/strong>(v\u00eda penal) han aumentado de forma llamativa en los \u00faltimos a\u00f1os, siendo las peticiones de&nbsp;<strong><a href=\"https:\/\/doctormoleon.com\/informes-periciales-psiquiatricos\/\" target=\"_blank\" rel=\"noreferrer noopener\">informes periciales psiqui\u00e1tricos<\/a><\/strong>&nbsp;por errores m\u00e9dicos cada vez m\u00e1s frecuentes en las consultas profesionales de los peritos psiquiatras. De este modo, es habitual la solicitud de informes que traten sobre la actuaci\u00f3n de otros profesionales sanitarios y sobre si estos han podido cometer posibles errores, con la consiguiente producci\u00f3n de un&nbsp;<strong>da\u00f1o<\/strong>&nbsp;derivado de ese error.<\/p>\n\n\n\n<figure class=\"wp-block-image size-full is-resized\"><img fetchpriority=\"high\" decoding=\"async\" width=\"270\" height=\"187\" src=\"https:\/\/saludmentalalmeria.com\/wp-content\/uploads\/2025\/01\/Responsabeilidad-medica.jpeg\" alt=\"\" class=\"wp-image-2266\" style=\"width:840px;height:auto\" srcset=\"https:\/\/saludmentalalmeria.com\/wp-content\/uploads\/2025\/01\/Responsabeilidad-medica.jpeg 270w, https:\/\/saludmentalalmeria.com\/wp-content\/uploads\/2025\/01\/Responsabeilidad-medica-18x12.jpeg 18w\" sizes=\"(max-width: 270px) 100vw, 270px\" \/><\/figure>\n\n\n\n<p>Estos informes son especialmente complejos. En primer lugar, porque se trata de valorar a un compa\u00f1ero y analizar si su proceder se ha adecuado a la llamada \u201c<em>lex artis<\/em>\u201d. En segundo lugar, porque el perito tiene que aislarse del llamado \u201c<em>corporativismo m\u00e9dico<\/em>\u201d y entrar a dilucidar comportamientos que pueden conllevar una elevada responsabilidad para el profesional en cuesti\u00f3n, debiendo ser objetivo y as\u00e9ptico.<\/p>\n\n\n\n<p>Por ello, en numerosas ocasiones es necesario poder disponer de un&nbsp;<strong>informe pericial<\/strong>&nbsp;realizado por un profesional especializado y con experiencia en la materia psiqui\u00e1trico-forense.<\/p>\n\n\n\n<p><strong>\u00bfC\u00f3mo Reservar una Cita con el Dr. Guillermo Ford?<\/strong><\/p>\n\n\n\n<p>Si deseas reservar una consulta, puedes hacerlo llamando al 722199710<\/p>","protected":false},"excerpt":{"rendered":"<p>La pr\u00e1ctica de la Medicina no deja de ser una&nbsp;profesi\u00f3n de riesgo legal. Los m\u00e9dicos est\u00e1n acostumbrados a tomar decisiones en el marco de la incertidumbre, y esto no siempre es entendido por los pacientes y sus familiares, siendo las demandas por&nbsp;errores m\u00e9dicos&nbsp;(diagn\u00f3sticos o terap\u00e9uticos) cada vez m\u00e1s frecuentes en los juzgados de nuestro pa\u00eds. <\/p>","protected":false},"author":1,"featured_media":0,"parent":0,"menu_order":0,"comment_status":"closed","ping_status":"closed","template":"","meta":{"footnotes":""},"class_list":["post-2265","page","type-page","status-publish","hentry"],"yoast_head":"<!-- This site is optimized with the Yoast SEO Premium plugin v20.3 (Yoast SEO v27.4) - https:\/\/yoast.com\/product\/yoast-seo-premium-wordpress\/ -->\n<title>Derecho Contencioso-Administrativo<\/title>\n<meta name=\"description\" content=\"Psiquiatra forense. Derecho Contencioso administrativo\" \/>\n<meta name=\"robots\" content=\"index, follow, max-snippet:-1, max-image-preview:large, max-video-preview:-1\" \/>\n<link rel=\"canonical\" href=\"https:\/\/saludmentalalmeria.com\/en\/psiquiatra-forense-derecho-contencioso-administrativo\/\" \/>\n<meta property=\"og:locale\" content=\"en_GB\" \/>\n<meta property=\"og:type\" content=\"article\" \/>\n<meta property=\"og:title\" content=\"Derecho Contencioso-Administrativo\" \/>\n<meta property=\"og:description\" content=\"Psiquiatra forense. Derecho Contencioso administrativo\" \/>\n<meta property=\"og:url\" content=\"https:\/\/saludmentalalmeria.com\/en\/psiquiatra-forense-derecho-contencioso-administrativo\/\" \/>\n<meta property=\"og:site_name\" content=\"Salud Mental en Almer&iacute;a\" \/>\n<meta property=\"article:modified_time\" content=\"2025-01-08T22:48:36+00:00\" \/>\n<meta property=\"og:image\" content=\"https:\/\/saludmentalalmeria.com\/wp-content\/uploads\/2025\/01\/Responsabeilidad-medica.jpeg\" \/>\n\t<meta property=\"og:image:width\" content=\"270\" \/>\n\t<meta property=\"og:image:height\" content=\"187\" \/>\n\t<meta property=\"og:image:type\" content=\"image\/jpeg\" \/>\n<meta name=\"twitter:card\" content=\"summary_large_image\" \/>\n<meta name=\"twitter:label1\" content=\"Estimated reading time\" \/>\n\t<meta name=\"twitter:data1\" content=\"2 minutes\" \/>\n<script type=\"application\/ld+json\" class=\"yoast-schema-graph\">{\"@context\":\"https:\\\/\\\/schema.org\",\"@graph\":[{\"@type\":\"WebPage\",\"@id\":\"https:\\\/\\\/saludmentalalmeria.com\\\/psiquiatra-forense-derecho-contencioso-administrativo\",\"url\":\"https:\\\/\\\/saludmentalalmeria.com\\\/psiquiatra-forense-derecho-contencioso-administrativo\",\"name\":\"Derecho Contencioso-Administrativo\",\"isPartOf\":{\"@id\":\"https:\\\/\\\/saludmentalalmeria.com\\\/#website\"},\"primaryImageOfPage\":{\"@id\":\"https:\\\/\\\/saludmentalalmeria.com\\\/psiquiatra-forense-derecho-contencioso-administrativo#primaryimage\"},\"image\":{\"@id\":\"https:\\\/\\\/saludmentalalmeria.com\\\/psiquiatra-forense-derecho-contencioso-administrativo#primaryimage\"},\"thumbnailUrl\":\"https:\\\/\\\/saludmentalalmeria.com\\\/wp-content\\\/uploads\\\/2025\\\/01\\\/Responsabeilidad-medica.jpeg\",\"datePublished\":\"2025-01-08T22:48:35+00:00\",\"dateModified\":\"2025-01-08T22:48:36+00:00\",\"description\":\"Psiquiatra forense. Derecho Contencioso administrativo\",\"breadcrumb\":{\"@id\":\"https:\\\/\\\/saludmentalalmeria.com\\\/psiquiatra-forense-derecho-contencioso-administrativo#breadcrumb\"},\"inLanguage\":\"en-GB\",\"potentialAction\":[{\"@type\":\"ReadAction\",\"target\":[\"https:\\\/\\\/saludmentalalmeria.com\\\/psiquiatra-forense-derecho-contencioso-administrativo\"]}]},{\"@type\":\"ImageObject\",\"inLanguage\":\"en-GB\",\"@id\":\"https:\\\/\\\/saludmentalalmeria.com\\\/psiquiatra-forense-derecho-contencioso-administrativo#primaryimage\",\"url\":\"https:\\\/\\\/saludmentalalmeria.com\\\/wp-content\\\/uploads\\\/2025\\\/01\\\/Responsabeilidad-medica.jpeg\",\"contentUrl\":\"https:\\\/\\\/saludmentalalmeria.com\\\/wp-content\\\/uploads\\\/2025\\\/01\\\/Responsabeilidad-medica.jpeg\"},{\"@type\":\"BreadcrumbList\",\"@id\":\"https:\\\/\\\/saludmentalalmeria.com\\\/psiquiatra-forense-derecho-contencioso-administrativo#breadcrumb\",\"itemListElement\":[{\"@type\":\"ListItem\",\"position\":1,\"name\":\"Portada\",\"item\":\"https:\\\/\\\/saludmentalalmeria.com\\\/\"},{\"@type\":\"ListItem\",\"position\":2,\"name\":\"Derecho Contencioso-Administrativo\"}]},{\"@type\":\"WebSite\",\"@id\":\"https:\\\/\\\/saludmentalalmeria.com\\\/#website\",\"url\":\"https:\\\/\\\/saludmentalalmeria.com\\\/\",\"name\":\"Salud Mental en Almer&iacute;a\",\"description\":\"Psiquiatr&iacute;a y Psicolog&iacute;a Grupo Lescoms\",\"publisher\":{\"@id\":\"https:\\\/\\\/saludmentalalmeria.com\\\/#organization\"},\"potentialAction\":[{\"@type\":\"SearchAction\",\"target\":{\"@type\":\"EntryPoint\",\"urlTemplate\":\"https:\\\/\\\/saludmentalalmeria.com\\\/?s={search_term_string}\"},\"query-input\":{\"@type\":\"PropertyValueSpecification\",\"valueRequired\":true,\"valueName\":\"search_term_string\"}}],\"inLanguage\":\"en-GB\"},{\"@type\":\"Organization\",\"@id\":\"https:\\\/\\\/saludmentalalmeria.com\\\/#organization\",\"name\":\"Lescoms\",\"url\":\"https:\\\/\\\/saludmentalalmeria.com\\\/\",\"logo\":{\"@type\":\"ImageObject\",\"inLanguage\":\"en-GB\",\"@id\":\"https:\\\/\\\/saludmentalalmeria.com\\\/#\\\/schema\\\/logo\\\/image\\\/\",\"url\":\"https:\\\/\\\/saludmentalalmeria.com\\\/wp-content\\\/uploads\\\/2021\\\/06\\\/Disen\u0303o-sin-ti\u0301tulo-1-copia.png\",\"contentUrl\":\"https:\\\/\\\/saludmentalalmeria.com\\\/wp-content\\\/uploads\\\/2021\\\/06\\\/Disen\u0303o-sin-ti\u0301tulo-1-copia.png\",\"width\":300,\"height\":150,\"caption\":\"Lescoms\"},\"image\":{\"@id\":\"https:\\\/\\\/saludmentalalmeria.com\\\/#\\\/schema\\\/logo\\\/image\\\/\"}}]}<\/script>\n<!-- \/ Yoast SEO Premium plugin. -->","yoast_head_json":{"title":"Derecho Contencioso-Administrativo","description":"Psiquiatra forense. Derecho Contencioso administrativo","robots":{"index":"index","follow":"follow","max-snippet":"max-snippet:-1","max-image-preview":"max-image-preview:large","max-video-preview":"max-video-preview:-1"},"canonical":"https:\/\/saludmentalalmeria.com\/en\/psiquiatra-forense-derecho-contencioso-administrativo\/","og_locale":"en_GB","og_type":"article","og_title":"Derecho Contencioso-Administrativo","og_description":"Psiquiatra forense. Derecho Contencioso administrativo","og_url":"https:\/\/saludmentalalmeria.com\/en\/psiquiatra-forense-derecho-contencioso-administrativo\/","og_site_name":"Salud Mental en Almer&iacute;a","article_modified_time":"2025-01-08T22:48:36+00:00","og_image":[{"width":270,"height":187,"url":"https:\/\/saludmentalalmeria.com\/wp-content\/uploads\/2025\/01\/Responsabeilidad-medica.jpeg","type":"image\/jpeg"}],"twitter_card":"summary_large_image","twitter_misc":{"Estimated reading time":"2 minutes"},"schema":{"@context":"https:\/\/schema.org","@graph":[{"@type":"WebPage","@id":"https:\/\/saludmentalalmeria.com\/psiquiatra-forense-derecho-contencioso-administrativo","url":"https:\/\/saludmentalalmeria.com\/psiquiatra-forense-derecho-contencioso-administrativo","name":"Derecho Contencioso-Administrativo","isPartOf":{"@id":"https:\/\/saludmentalalmeria.com\/#website"},"primaryImageOfPage":{"@id":"https:\/\/saludmentalalmeria.com\/psiquiatra-forense-derecho-contencioso-administrativo#primaryimage"},"image":{"@id":"https:\/\/saludmentalalmeria.com\/psiquiatra-forense-derecho-contencioso-administrativo#primaryimage"},"thumbnailUrl":"https:\/\/saludmentalalmeria.com\/wp-content\/uploads\/2025\/01\/Responsabeilidad-medica.jpeg","datePublished":"2025-01-08T22:48:35+00:00","dateModified":"2025-01-08T22:48:36+00:00","description":"Psiquiatra forense. Derecho Contencioso administrativo","breadcrumb":{"@id":"https:\/\/saludmentalalmeria.com\/psiquiatra-forense-derecho-contencioso-administrativo#breadcrumb"},"inLanguage":"en-GB","potentialAction":[{"@type":"ReadAction","target":["https:\/\/saludmentalalmeria.com\/psiquiatra-forense-derecho-contencioso-administrativo"]}]},{"@type":"ImageObject","inLanguage":"en-GB","@id":"https:\/\/saludmentalalmeria.com\/psiquiatra-forense-derecho-contencioso-administrativo#primaryimage","url":"https:\/\/saludmentalalmeria.com\/wp-content\/uploads\/2025\/01\/Responsabeilidad-medica.jpeg","contentUrl":"https:\/\/saludmentalalmeria.com\/wp-content\/uploads\/2025\/01\/Responsabeilidad-medica.jpeg"},{"@type":"BreadcrumbList","@id":"https:\/\/saludmentalalmeria.com\/psiquiatra-forense-derecho-contencioso-administrativo#breadcrumb","itemListElement":[{"@type":"ListItem","position":1,"name":"Portada","item":"https:\/\/saludmentalalmeria.com\/"},{"@type":"ListItem","position":2,"name":"Derecho Contencioso-Administrativo"}]},{"@type":"WebSite","@id":"https:\/\/saludmentalalmeria.com\/#website","url":"https:\/\/saludmentalalmeria.com\/","name":"Salud Mental en Almer&iacute;a","description":"Psiquiatr&iacute;a y Psicolog&iacute;a Grupo Lescoms","publisher":{"@id":"https:\/\/saludmentalalmeria.com\/#organization"},"potentialAction":[{"@type":"SearchAction","target":{"@type":"EntryPoint","urlTemplate":"https:\/\/saludmentalalmeria.com\/?s={search_term_string}"},"query-input":{"@type":"PropertyValueSpecification","valueRequired":true,"valueName":"search_term_string"}}],"inLanguage":"en-GB"},{"@type":"Organization","@id":"https:\/\/saludmentalalmeria.com\/#organization","name":"Lescoms","url":"https:\/\/saludmentalalmeria.com\/","logo":{"@type":"ImageObject","inLanguage":"en-GB","@id":"https:\/\/saludmentalalmeria.com\/#\/schema\/logo\/image\/","url":"https:\/\/saludmentalalmeria.com\/wp-content\/uploads\/2021\/06\/Disen\u0303o-sin-ti\u0301tulo-1-copia.png","contentUrl":"https:\/\/saludmentalalmeria.com\/wp-content\/uploads\/2021\/06\/Disen\u0303o-sin-ti\u0301tulo-1-copia.png","width":300,"height":150,"caption":"Lescoms"},"image":{"@id":"https:\/\/saludmentalalmeria.com\/#\/schema\/logo\/image\/"}}]}},"_links":{"self":[{"href":"https:\/\/saludmentalalmeria.com\/en\/wp-json\/wp\/v2\/pages\/2265","targetHints":{"allow":["GET"]}}],"collection":[{"href":"https:\/\/saludmentalalmeria.com\/en\/wp-json\/wp\/v2\/pages"}],"about":[{"href":"https:\/\/saludmentalalmeria.com\/en\/wp-json\/wp\/v2\/types\/page"}],"author":[{"embeddable":true,"href":"https:\/\/saludmentalalmeria.com\/en\/wp-json\/wp\/v2\/users\/1"}],"replies":[{"embeddable":true,"href":"https:\/\/saludmentalalmeria.com\/en\/wp-json\/wp\/v2\/comments?post=2265"}],"version-history":[{"count":1,"href":"https:\/\/saludmentalalmeria.com\/en\/wp-json\/wp\/v2\/pages\/2265\/revisions"}],"predecessor-version":[{"id":2267,"href":"https:\/\/saludmentalalmeria.com\/en\/wp-json\/wp\/v2\/pages\/2265\/revisions\/2267"}],"wp:attachment":[{"href":"https:\/\/saludmentalalmeria.com\/en\/wp-json\/wp\/v2\/media?parent=2265"}],"curies":[{"name":"wp","href":"https:\/\/api.w.org\/{rel}","templated":true}]}}