{"id":2238,"date":"2025-01-07T20:33:54","date_gmt":"2025-01-07T20:33:54","guid":{"rendered":"https:\/\/saludmentalalmeria.com\/?page_id=2238"},"modified":"2025-01-08T01:45:30","modified_gmt":"2025-01-08T01:45:30","slug":"trastorno-adaptativo-con-animo-deprimido","status":"publish","type":"page","link":"https:\/\/saludmentalalmeria.com\/en\/trastorno-adaptativo-con-animo-deprimido","title":{"rendered":"Trastorno Adaptativo con Animo Deprimido"},"content":{"rendered":"<p>El trastorno adaptativo con \u00e1nimo deprimido es una reacci\u00f3n emocional que surge cuando pasamos por situaciones de cambio o estr\u00e9s que nos sobrepasan y no sabemos muy bien c\u00f3mo afrontar. Es posible experimentar, de forma repentina o paulatina, una sensaci\u00f3n de tristeza o des\u00e1nimo que antes no sent\u00edas y que apareci\u00f3 despu\u00e9s de un suceso importante: puede tratarse de la p\u00e9rdida de un empleo, el fallecimiento de un ser querido, un problema familiar, un cambio de ciudad o incluso situaciones menos evidentes pero igualmente significativas para ti.<\/p>\n\n\n\n<p>En este estado, es frecuente sentir un nudo en la garganta, falta de motivaci\u00f3n para las actividades diarias e incluso irritabilidad o ansiedad. A veces, podemos tener la impresi\u00f3n de que la tristeza \u201cno es tan grave\u201d o que \u201cno deber\u00edamos sentirnos as\u00ed\u201d, lo que nos hace juzgarnos y aislarnos a\u00fan m\u00e1s. Sin embargo, es importante reconocer que nuestras reacciones emocionales no siempre se corresponden con la l\u00f3gica de lo que \u201cdeber\u00eda ser\u201d, sino que est\u00e1n profundamente ligadas a nuestras experiencias y a c\u00f3mo vivimos cada situaci\u00f3n.<\/p>\n\n\n\n<figure class=\"wp-block-image size-full is-resized\"><img fetchpriority=\"high\" decoding=\"async\" width=\"645\" height=\"363\" src=\"https:\/\/saludmentalalmeria.com\/wp-content\/uploads\/2025\/01\/Adaptativo.jpg\" alt=\"\" class=\"wp-image-2239\" style=\"width:840px;height:auto\" srcset=\"https:\/\/saludmentalalmeria.com\/wp-content\/uploads\/2025\/01\/Adaptativo.jpg 645w, https:\/\/saludmentalalmeria.com\/wp-content\/uploads\/2025\/01\/Adaptativo-18x10.jpg 18w, https:\/\/saludmentalalmeria.com\/wp-content\/uploads\/2025\/01\/Adaptativo-600x338.jpg 600w, https:\/\/saludmentalalmeria.com\/wp-content\/uploads\/2025\/01\/Adaptativo-300x169.jpg 300w\" sizes=\"(max-width: 645px) 100vw, 645px\" \/><\/figure>\n\n\n\n<p>Si te identificas con esto, no est\u00e1s solo. El trastorno adaptativo con \u00e1nimo deprimido habla precisamente de ese momento en el que algo de nuestra vida cambia de manera brusca o inesperada y nos genera una respuesta emocional intensa y prolongada, afectando nuestra estabilidad cotidiana. Aunque no siempre se prolonga tanto como una depresi\u00f3n mayor, s\u00ed requiere atenci\u00f3n y cuidado para aprender a manejarlo y prevenir complicaciones futuras.<\/p>\n\n\n\n<p>Buscar ayuda profesional puede marcar la diferencia. Un psiquiatra o un psic\u00f3logo puede acompa\u00f1arte a comprender mejor qu\u00e9 te est\u00e1 sucediendo, darte herramientas para afrontar el cambio y, sobre todo, brindarte la contenci\u00f3n emocional que necesitas en estos momentos de incertidumbre. Si te resuena esta situaci\u00f3n, recuerda que no es un signo de debilidad pedir ayuda, sino un paso valiente para recuperar el equilibrio y sentirte mejor contigo mismo.<\/p>\n\n\n\n<p><strong>\u00bfC\u00f3mo Reservar una Cita con el Dr. <\/strong><strong>Guillermo Ford?<\/strong><\/p>\n\n\n\n<p>Si deseas reservar una consulta, puedes hacerlo llamando al 722199710<\/p>","protected":false},"excerpt":{"rendered":"<p>El trastorno adaptativo con \u00e1nimo deprimido es una reacci\u00f3n emocional que surge cuando pasamos por situaciones de cambio o estr\u00e9s que nos sobrepasan y no sabemos muy bien c\u00f3mo afrontar. Es posible experimentar, de forma repentina o paulatina, una sensaci\u00f3n de tristeza o des\u00e1nimo que antes no sent\u00edas y que apareci\u00f3 despu\u00e9s de un suceso <\/p>","protected":false},"author":1,"featured_media":0,"parent":0,"menu_order":0,"comment_status":"closed","ping_status":"closed","template":"","meta":{"footnotes":""},"class_list":["post-2238","page","type-page","status-publish","hentry"],"yoast_head":"<!-- This site is optimized with the Yoast SEO Premium plugin v20.3 (Yoast SEO v27.4) - https:\/\/yoast.com\/product\/yoast-seo-premium-wordpress\/ -->\n<title>Trastorno Adaptativo con Animo Deprimido<\/title>\n<meta name=\"robots\" content=\"index, follow, max-snippet:-1, max-image-preview:large, max-video-preview:-1\" \/>\n<link rel=\"canonical\" href=\"https:\/\/saludmentalalmeria.com\/en\/trastorno-adaptativo-con-animo-deprimido\/\" \/>\n<meta property=\"og:locale\" content=\"en_GB\" \/>\n<meta property=\"og:type\" content=\"article\" \/>\n<meta property=\"og:title\" content=\"Trastorno Adaptativo con Animo Deprimido\" \/>\n<meta property=\"og:description\" content=\"El trastorno adaptativo con \u00e1nimo deprimido es una reacci\u00f3n emocional que surge cuando pasamos por situaciones de cambio o estr\u00e9s que nos sobrepasan y no sabemos muy bien c\u00f3mo afrontar. Es posible experimentar, de forma repentina o paulatina, una sensaci\u00f3n de tristeza o des\u00e1nimo que antes no sent\u00edas y que apareci\u00f3 despu\u00e9s de un suceso\" \/>\n<meta property=\"og:url\" content=\"https:\/\/saludmentalalmeria.com\/en\/trastorno-adaptativo-con-animo-deprimido\/\" \/>\n<meta property=\"og:site_name\" content=\"Salud Mental en Almer&iacute;a\" \/>\n<meta property=\"article:modified_time\" content=\"2025-01-08T01:45:30+00:00\" \/>\n<meta property=\"og:image\" content=\"https:\/\/saludmentalalmeria.com\/wp-content\/uploads\/2025\/01\/Adaptativo.jpg\" \/>\n\t<meta property=\"og:image:width\" content=\"645\" \/>\n\t<meta property=\"og:image:height\" content=\"363\" \/>\n\t<meta property=\"og:image:type\" content=\"image\/jpeg\" \/>\n<meta name=\"twitter:card\" content=\"summary_large_image\" \/>\n<meta name=\"twitter:label1\" content=\"Estimated reading time\" \/>\n\t<meta name=\"twitter:data1\" content=\"2 minutes\" \/>\n<script type=\"application\/ld+json\" class=\"yoast-schema-graph\">{\"@context\":\"https:\\\/\\\/schema.org\",\"@graph\":[{\"@type\":\"WebPage\",\"@id\":\"https:\\\/\\\/saludmentalalmeria.com\\\/trastorno-adaptativo-con-animo-deprimido\",\"url\":\"https:\\\/\\\/saludmentalalmeria.com\\\/trastorno-adaptativo-con-animo-deprimido\",\"name\":\"Trastorno Adaptativo con Animo Deprimido\",\"isPartOf\":{\"@id\":\"https:\\\/\\\/saludmentalalmeria.com\\\/#website\"},\"primaryImageOfPage\":{\"@id\":\"https:\\\/\\\/saludmentalalmeria.com\\\/trastorno-adaptativo-con-animo-deprimido#primaryimage\"},\"image\":{\"@id\":\"https:\\\/\\\/saludmentalalmeria.com\\\/trastorno-adaptativo-con-animo-deprimido#primaryimage\"},\"thumbnailUrl\":\"https:\\\/\\\/saludmentalalmeria.com\\\/wp-content\\\/uploads\\\/2025\\\/01\\\/Adaptativo.jpg\",\"datePublished\":\"2025-01-07T20:33:54+00:00\",\"dateModified\":\"2025-01-08T01:45:30+00:00\",\"breadcrumb\":{\"@id\":\"https:\\\/\\\/saludmentalalmeria.com\\\/trastorno-adaptativo-con-animo-deprimido#breadcrumb\"},\"inLanguage\":\"en-GB\",\"potentialAction\":[{\"@type\":\"ReadAction\",\"target\":[\"https:\\\/\\\/saludmentalalmeria.com\\\/trastorno-adaptativo-con-animo-deprimido\"]}]},{\"@type\":\"ImageObject\",\"inLanguage\":\"en-GB\",\"@id\":\"https:\\\/\\\/saludmentalalmeria.com\\\/trastorno-adaptativo-con-animo-deprimido#primaryimage\",\"url\":\"https:\\\/\\\/saludmentalalmeria.com\\\/wp-content\\\/uploads\\\/2025\\\/01\\\/Adaptativo.jpg\",\"contentUrl\":\"https:\\\/\\\/saludmentalalmeria.com\\\/wp-content\\\/uploads\\\/2025\\\/01\\\/Adaptativo.jpg\"},{\"@type\":\"BreadcrumbList\",\"@id\":\"https:\\\/\\\/saludmentalalmeria.com\\\/trastorno-adaptativo-con-animo-deprimido#breadcrumb\",\"itemListElement\":[{\"@type\":\"ListItem\",\"position\":1,\"name\":\"Portada\",\"item\":\"https:\\\/\\\/saludmentalalmeria.com\\\/\"},{\"@type\":\"ListItem\",\"position\":2,\"name\":\"Trastorno Adaptativo con Animo Deprimido\"}]},{\"@type\":\"WebSite\",\"@id\":\"https:\\\/\\\/saludmentalalmeria.com\\\/#website\",\"url\":\"https:\\\/\\\/saludmentalalmeria.com\\\/\",\"name\":\"Salud Mental en Almer&iacute;a\",\"description\":\"Psiquiatr&iacute;a y Psicolog&iacute;a Grupo Lescoms\",\"publisher\":{\"@id\":\"https:\\\/\\\/saludmentalalmeria.com\\\/#organization\"},\"potentialAction\":[{\"@type\":\"SearchAction\",\"target\":{\"@type\":\"EntryPoint\",\"urlTemplate\":\"https:\\\/\\\/saludmentalalmeria.com\\\/?s={search_term_string}\"},\"query-input\":{\"@type\":\"PropertyValueSpecification\",\"valueRequired\":true,\"valueName\":\"search_term_string\"}}],\"inLanguage\":\"en-GB\"},{\"@type\":\"Organization\",\"@id\":\"https:\\\/\\\/saludmentalalmeria.com\\\/#organization\",\"name\":\"Lescoms\",\"url\":\"https:\\\/\\\/saludmentalalmeria.com\\\/\",\"logo\":{\"@type\":\"ImageObject\",\"inLanguage\":\"en-GB\",\"@id\":\"https:\\\/\\\/saludmentalalmeria.com\\\/#\\\/schema\\\/logo\\\/image\\\/\",\"url\":\"https:\\\/\\\/saludmentalalmeria.com\\\/wp-content\\\/uploads\\\/2021\\\/06\\\/Disen\u0303o-sin-ti\u0301tulo-1-copia.png\",\"contentUrl\":\"https:\\\/\\\/saludmentalalmeria.com\\\/wp-content\\\/uploads\\\/2021\\\/06\\\/Disen\u0303o-sin-ti\u0301tulo-1-copia.png\",\"width\":300,\"height\":150,\"caption\":\"Lescoms\"},\"image\":{\"@id\":\"https:\\\/\\\/saludmentalalmeria.com\\\/#\\\/schema\\\/logo\\\/image\\\/\"}}]}<\/script>\n<!-- \/ Yoast SEO Premium plugin. -->","yoast_head_json":{"title":"Trastorno Adaptativo con Animo Deprimido","robots":{"index":"index","follow":"follow","max-snippet":"max-snippet:-1","max-image-preview":"max-image-preview:large","max-video-preview":"max-video-preview:-1"},"canonical":"https:\/\/saludmentalalmeria.com\/en\/trastorno-adaptativo-con-animo-deprimido\/","og_locale":"en_GB","og_type":"article","og_title":"Trastorno Adaptativo con Animo Deprimido","og_description":"El trastorno adaptativo con \u00e1nimo deprimido es una reacci\u00f3n emocional que surge cuando pasamos por situaciones de cambio o estr\u00e9s que nos sobrepasan y no sabemos muy bien c\u00f3mo afrontar. Es posible experimentar, de forma repentina o paulatina, una sensaci\u00f3n de tristeza o des\u00e1nimo que antes no sent\u00edas y que apareci\u00f3 despu\u00e9s de un suceso","og_url":"https:\/\/saludmentalalmeria.com\/en\/trastorno-adaptativo-con-animo-deprimido\/","og_site_name":"Salud Mental en Almer&iacute;a","article_modified_time":"2025-01-08T01:45:30+00:00","og_image":[{"width":645,"height":363,"url":"https:\/\/saludmentalalmeria.com\/wp-content\/uploads\/2025\/01\/Adaptativo.jpg","type":"image\/jpeg"}],"twitter_card":"summary_large_image","twitter_misc":{"Estimated reading time":"2 minutes"},"schema":{"@context":"https:\/\/schema.org","@graph":[{"@type":"WebPage","@id":"https:\/\/saludmentalalmeria.com\/trastorno-adaptativo-con-animo-deprimido","url":"https:\/\/saludmentalalmeria.com\/trastorno-adaptativo-con-animo-deprimido","name":"Trastorno Adaptativo con Animo Deprimido","isPartOf":{"@id":"https:\/\/saludmentalalmeria.com\/#website"},"primaryImageOfPage":{"@id":"https:\/\/saludmentalalmeria.com\/trastorno-adaptativo-con-animo-deprimido#primaryimage"},"image":{"@id":"https:\/\/saludmentalalmeria.com\/trastorno-adaptativo-con-animo-deprimido#primaryimage"},"thumbnailUrl":"https:\/\/saludmentalalmeria.com\/wp-content\/uploads\/2025\/01\/Adaptativo.jpg","datePublished":"2025-01-07T20:33:54+00:00","dateModified":"2025-01-08T01:45:30+00:00","breadcrumb":{"@id":"https:\/\/saludmentalalmeria.com\/trastorno-adaptativo-con-animo-deprimido#breadcrumb"},"inLanguage":"en-GB","potentialAction":[{"@type":"ReadAction","target":["https:\/\/saludmentalalmeria.com\/trastorno-adaptativo-con-animo-deprimido"]}]},{"@type":"ImageObject","inLanguage":"en-GB","@id":"https:\/\/saludmentalalmeria.com\/trastorno-adaptativo-con-animo-deprimido#primaryimage","url":"https:\/\/saludmentalalmeria.com\/wp-content\/uploads\/2025\/01\/Adaptativo.jpg","contentUrl":"https:\/\/saludmentalalmeria.com\/wp-content\/uploads\/2025\/01\/Adaptativo.jpg"},{"@type":"BreadcrumbList","@id":"https:\/\/saludmentalalmeria.com\/trastorno-adaptativo-con-animo-deprimido#breadcrumb","itemListElement":[{"@type":"ListItem","position":1,"name":"Portada","item":"https:\/\/saludmentalalmeria.com\/"},{"@type":"ListItem","position":2,"name":"Trastorno Adaptativo con Animo Deprimido"}]},{"@type":"WebSite","@id":"https:\/\/saludmentalalmeria.com\/#website","url":"https:\/\/saludmentalalmeria.com\/","name":"Salud Mental en Almer&iacute;a","description":"Psiquiatr&iacute;a y Psicolog&iacute;a Grupo Lescoms","publisher":{"@id":"https:\/\/saludmentalalmeria.com\/#organization"},"potentialAction":[{"@type":"SearchAction","target":{"@type":"EntryPoint","urlTemplate":"https:\/\/saludmentalalmeria.com\/?s={search_term_string}"},"query-input":{"@type":"PropertyValueSpecification","valueRequired":true,"valueName":"search_term_string"}}],"inLanguage":"en-GB"},{"@type":"Organization","@id":"https:\/\/saludmentalalmeria.com\/#organization","name":"Lescoms","url":"https:\/\/saludmentalalmeria.com\/","logo":{"@type":"ImageObject","inLanguage":"en-GB","@id":"https:\/\/saludmentalalmeria.com\/#\/schema\/logo\/image\/","url":"https:\/\/saludmentalalmeria.com\/wp-content\/uploads\/2021\/06\/Disen\u0303o-sin-ti\u0301tulo-1-copia.png","contentUrl":"https:\/\/saludmentalalmeria.com\/wp-content\/uploads\/2021\/06\/Disen\u0303o-sin-ti\u0301tulo-1-copia.png","width":300,"height":150,"caption":"Lescoms"},"image":{"@id":"https:\/\/saludmentalalmeria.com\/#\/schema\/logo\/image\/"}}]}},"_links":{"self":[{"href":"https:\/\/saludmentalalmeria.com\/en\/wp-json\/wp\/v2\/pages\/2238","targetHints":{"allow":["GET"]}}],"collection":[{"href":"https:\/\/saludmentalalmeria.com\/en\/wp-json\/wp\/v2\/pages"}],"about":[{"href":"https:\/\/saludmentalalmeria.com\/en\/wp-json\/wp\/v2\/types\/page"}],"author":[{"embeddable":true,"href":"https:\/\/saludmentalalmeria.com\/en\/wp-json\/wp\/v2\/users\/1"}],"replies":[{"embeddable":true,"href":"https:\/\/saludmentalalmeria.com\/en\/wp-json\/wp\/v2\/comments?post=2238"}],"version-history":[{"count":1,"href":"https:\/\/saludmentalalmeria.com\/en\/wp-json\/wp\/v2\/pages\/2238\/revisions"}],"predecessor-version":[{"id":2240,"href":"https:\/\/saludmentalalmeria.com\/en\/wp-json\/wp\/v2\/pages\/2238\/revisions\/2240"}],"wp:attachment":[{"href":"https:\/\/saludmentalalmeria.com\/en\/wp-json\/wp\/v2\/media?parent=2238"}],"curies":[{"name":"wp","href":"https:\/\/api.w.org\/{rel}","templated":true}]}}