{"id":2232,"date":"2025-01-07T20:15:36","date_gmt":"2025-01-07T20:15:36","guid":{"rendered":"https:\/\/saludmentalalmeria.com\/?page_id=2232"},"modified":"2025-01-08T01:40:32","modified_gmt":"2025-01-08T01:40:32","slug":"trastorno-depresivo-persistente-distimia","status":"publish","type":"page","link":"https:\/\/saludmentalalmeria.com\/en\/trastorno-depresivo-persistente-distimia","title":{"rendered":"Trastorno Depresivo Persistente (Distimia)"},"content":{"rendered":"<p>El trastorno depresivo persistente o distimia, es un tipo de depresi\u00f3n de larga duraci\u00f3n que se caracteriza por un estado de \u00e1nimo bajo o triste la mayor parte del tiempo. La cl\u00ednica es similar a la de un cuadro depresivo mayor aunque con menor intensidad de los s\u00edntomas pero con una duraci\u00f3n de al menos dos a\u00f1os en adultos (o un a\u00f1o en ni\u00f1os y adolescentes). Durante este per\u00edodo, la persona puede experimentar momentos libres de s\u00edntomas, pero estos suelen ser breves.<\/p>\n\n\n\n<p>Entre las caracter\u00edsticas principales destaca una sensaci\u00f3n de&nbsp;insatisfacci\u00f3n, rabia, des\u00e1nimo y abatimiento&nbsp;que motivan&nbsp;tristeza&nbsp;y un peor funcionamiento diario de la persona.&nbsp;Baja autoestima y sentimientos de inutilidad, falta de inter\u00e9s y placer en actividades cotidianas. Dificultad para concentrarse y tomar decisiones. A menudo se siente confusi\u00f3n y lentitud para procesar informaci\u00f3n.<\/p>\n\n\n\n<p>Es frecuente que el paciente dist\u00edmico presente una&nbsp;personalidad de base hiperemotiva&nbsp;(cl\u00faster B) y\/o muy&nbsp;dependiente&nbsp;(cl\u00faster C). Tambi\u00e9n se da el caso de que, a lo largo de la evoluci\u00f3n de la distimia, el paciente presente un&nbsp;episodio depresivo mayor&nbsp;superpuesto (depresi\u00f3n doble).<\/p>\n\n\n\n<p>Es un trastorno mental frecuente, alcanzando su&nbsp;prevalencia el 3%, siendo el doble de frecuente en la&nbsp;mujer&nbsp;que en el var\u00f3n.<\/p>\n\n\n\n<p>El origen de este cuadro, al igual que la depresi\u00f3n mayor, puede involucrar m\u00e1s de una causa, tales como factores&nbsp;gen\u00e9ticos, biol\u00f3gicos o psicosociales.<\/p>\n\n\n\n<figure class=\"wp-block-image size-full is-resized\"><img fetchpriority=\"high\" decoding=\"async\" width=\"1000\" height=\"666\" src=\"https:\/\/saludmentalalmeria.com\/wp-content\/uploads\/2025\/01\/Distimia1.jpg\" alt=\"\" class=\"wp-image-2235\" style=\"width:840px;height:auto\" srcset=\"https:\/\/saludmentalalmeria.com\/wp-content\/uploads\/2025\/01\/Distimia1.jpg 1000w, https:\/\/saludmentalalmeria.com\/wp-content\/uploads\/2025\/01\/Distimia1-768x511.jpg 768w, https:\/\/saludmentalalmeria.com\/wp-content\/uploads\/2025\/01\/Distimia1-18x12.jpg 18w, https:\/\/saludmentalalmeria.com\/wp-content\/uploads\/2025\/01\/Distimia1-600x400.jpg 600w, https:\/\/saludmentalalmeria.com\/wp-content\/uploads\/2025\/01\/Distimia1-300x200.jpg 300w\" sizes=\"(max-width: 1000px) 100vw, 1000px\" \/><\/figure>\n\n\n\n<p>El abordaje cl\u00ednico de la distimia lo suele realizar un&nbsp;equipo multidisciplinar&nbsp;formado por un&nbsp;psiquiatra&nbsp;y un psic\u00f3logo.<\/p>\n\n\n\n<p>Para un correcto diagn\u00f3stico, se realiza una adecuada&nbsp;entrevista cl\u00ednica&nbsp;con el paciente y familiares. Las pruebas complementarias no son de gran utilidad en su diagn\u00f3stico. En todo caso, s\u00ed estar\u00eda indicada la realizaci\u00f3n de una&nbsp;anal\u00edtica sangu\u00ednea completa&nbsp;para descartar trastornos f\u00edsicos que puedan producir cl\u00ednica depresiva.<\/p>\n\n\n\n<p>En lo que respecta al tratamiento, lo id\u00f3neo para el paciente dist\u00edmico es la combinaci\u00f3n de un&nbsp;tratamiento farmacol\u00f3gico&nbsp;con&nbsp;antidepresivos&nbsp;(ISRS, ISRN, antidepresivos tric\u00edclicos\u2026) junto a&nbsp;psicoterapia cognitivo-conductual.&nbsp;En todo caso, es importante individualizar el plan terap\u00e9utico en funci\u00f3n de las peculiaridades de cada paciente con el fin de obtener la mejor\u00eda cl\u00ednica del paciente.<\/p>\n\n\n\n<p><strong>\u00bfC\u00f3mo Reservar una Cita con el Dr. <\/strong><strong>Guillermo Ford?<\/strong><\/p>\n\n\n\n<p>Si deseas reservar una consulta, puedes hacerlo llamando al 722199710<\/p>\n\n\n\n<p><\/p>","protected":false},"excerpt":{"rendered":"<p>El trastorno depresivo persistente o distimia, es un tipo de depresi\u00f3n de larga duraci\u00f3n que se caracteriza por un estado de \u00e1nimo bajo o triste la mayor parte del tiempo. La cl\u00ednica es similar a la de un cuadro depresivo mayor aunque con menor intensidad de los s\u00edntomas pero con una duraci\u00f3n de al menos <\/p>","protected":false},"author":1,"featured_media":0,"parent":0,"menu_order":0,"comment_status":"closed","ping_status":"closed","template":"","meta":{"footnotes":""},"class_list":["post-2232","page","type-page","status-publish","hentry"],"yoast_head":"<!-- This site is optimized with the Yoast SEO Premium plugin v20.3 (Yoast SEO v27.4) - https:\/\/yoast.com\/product\/yoast-seo-premium-wordpress\/ -->\n<title>Trastorno Depresivo Persistente (Distimia)<\/title>\n<meta name=\"description\" content=\"Trastorno depresivo persistente (Distimia)\" \/>\n<meta name=\"robots\" content=\"index, follow, max-snippet:-1, max-image-preview:large, max-video-preview:-1\" \/>\n<link rel=\"canonical\" href=\"https:\/\/saludmentalalmeria.com\/en\/trastorno-depresivo-persistente-distimia\/\" \/>\n<meta property=\"og:locale\" content=\"en_GB\" \/>\n<meta property=\"og:type\" content=\"article\" \/>\n<meta property=\"og:title\" content=\"Trastorno Depresivo Persistente (Distimia)\" \/>\n<meta property=\"og:description\" content=\"Trastorno depresivo persistente (Distimia)\" \/>\n<meta property=\"og:url\" content=\"https:\/\/saludmentalalmeria.com\/en\/trastorno-depresivo-persistente-distimia\/\" \/>\n<meta property=\"og:site_name\" content=\"Salud Mental en Almer&iacute;a\" \/>\n<meta property=\"article:modified_time\" content=\"2025-01-08T01:40:32+00:00\" \/>\n<meta property=\"og:image\" content=\"https:\/\/saludmentalalmeria.com\/wp-content\/uploads\/2025\/01\/Distimia1.jpg\" \/>\n\t<meta property=\"og:image:width\" content=\"1000\" \/>\n\t<meta property=\"og:image:height\" content=\"666\" \/>\n\t<meta property=\"og:image:type\" content=\"image\/jpeg\" \/>\n<meta name=\"twitter:card\" content=\"summary_large_image\" \/>\n<meta name=\"twitter:label1\" content=\"Estimated reading time\" \/>\n\t<meta name=\"twitter:data1\" content=\"2 minutes\" \/>\n<script type=\"application\/ld+json\" class=\"yoast-schema-graph\">{\"@context\":\"https:\\\/\\\/schema.org\",\"@graph\":[{\"@type\":\"WebPage\",\"@id\":\"https:\\\/\\\/saludmentalalmeria.com\\\/trastorno-depresivo-persistente-distimia\",\"url\":\"https:\\\/\\\/saludmentalalmeria.com\\\/trastorno-depresivo-persistente-distimia\",\"name\":\"Trastorno Depresivo Persistente (Distimia)\",\"isPartOf\":{\"@id\":\"https:\\\/\\\/saludmentalalmeria.com\\\/#website\"},\"primaryImageOfPage\":{\"@id\":\"https:\\\/\\\/saludmentalalmeria.com\\\/trastorno-depresivo-persistente-distimia#primaryimage\"},\"image\":{\"@id\":\"https:\\\/\\\/saludmentalalmeria.com\\\/trastorno-depresivo-persistente-distimia#primaryimage\"},\"thumbnailUrl\":\"https:\\\/\\\/saludmentalalmeria.com\\\/wp-content\\\/uploads\\\/2025\\\/01\\\/Distimia1.jpg\",\"datePublished\":\"2025-01-07T20:15:36+00:00\",\"dateModified\":\"2025-01-08T01:40:32+00:00\",\"description\":\"Trastorno depresivo persistente (Distimia)\",\"breadcrumb\":{\"@id\":\"https:\\\/\\\/saludmentalalmeria.com\\\/trastorno-depresivo-persistente-distimia#breadcrumb\"},\"inLanguage\":\"en-GB\",\"potentialAction\":[{\"@type\":\"ReadAction\",\"target\":[\"https:\\\/\\\/saludmentalalmeria.com\\\/trastorno-depresivo-persistente-distimia\"]}]},{\"@type\":\"ImageObject\",\"inLanguage\":\"en-GB\",\"@id\":\"https:\\\/\\\/saludmentalalmeria.com\\\/trastorno-depresivo-persistente-distimia#primaryimage\",\"url\":\"https:\\\/\\\/saludmentalalmeria.com\\\/wp-content\\\/uploads\\\/2025\\\/01\\\/Distimia1.jpg\",\"contentUrl\":\"https:\\\/\\\/saludmentalalmeria.com\\\/wp-content\\\/uploads\\\/2025\\\/01\\\/Distimia1.jpg\"},{\"@type\":\"BreadcrumbList\",\"@id\":\"https:\\\/\\\/saludmentalalmeria.com\\\/trastorno-depresivo-persistente-distimia#breadcrumb\",\"itemListElement\":[{\"@type\":\"ListItem\",\"position\":1,\"name\":\"Portada\",\"item\":\"https:\\\/\\\/saludmentalalmeria.com\\\/\"},{\"@type\":\"ListItem\",\"position\":2,\"name\":\"Trastorno Depresivo Persistente (Distimia)\"}]},{\"@type\":\"WebSite\",\"@id\":\"https:\\\/\\\/saludmentalalmeria.com\\\/#website\",\"url\":\"https:\\\/\\\/saludmentalalmeria.com\\\/\",\"name\":\"Salud Mental en Almer&iacute;a\",\"description\":\"Psiquiatr&iacute;a y Psicolog&iacute;a Grupo Lescoms\",\"publisher\":{\"@id\":\"https:\\\/\\\/saludmentalalmeria.com\\\/#organization\"},\"potentialAction\":[{\"@type\":\"SearchAction\",\"target\":{\"@type\":\"EntryPoint\",\"urlTemplate\":\"https:\\\/\\\/saludmentalalmeria.com\\\/?s={search_term_string}\"},\"query-input\":{\"@type\":\"PropertyValueSpecification\",\"valueRequired\":true,\"valueName\":\"search_term_string\"}}],\"inLanguage\":\"en-GB\"},{\"@type\":\"Organization\",\"@id\":\"https:\\\/\\\/saludmentalalmeria.com\\\/#organization\",\"name\":\"Lescoms\",\"url\":\"https:\\\/\\\/saludmentalalmeria.com\\\/\",\"logo\":{\"@type\":\"ImageObject\",\"inLanguage\":\"en-GB\",\"@id\":\"https:\\\/\\\/saludmentalalmeria.com\\\/#\\\/schema\\\/logo\\\/image\\\/\",\"url\":\"https:\\\/\\\/saludmentalalmeria.com\\\/wp-content\\\/uploads\\\/2021\\\/06\\\/Disen\u0303o-sin-ti\u0301tulo-1-copia.png\",\"contentUrl\":\"https:\\\/\\\/saludmentalalmeria.com\\\/wp-content\\\/uploads\\\/2021\\\/06\\\/Disen\u0303o-sin-ti\u0301tulo-1-copia.png\",\"width\":300,\"height\":150,\"caption\":\"Lescoms\"},\"image\":{\"@id\":\"https:\\\/\\\/saludmentalalmeria.com\\\/#\\\/schema\\\/logo\\\/image\\\/\"}}]}<\/script>\n<!-- \/ Yoast SEO Premium plugin. -->","yoast_head_json":{"title":"Trastorno Depresivo Persistente (Distimia)","description":"Trastorno depresivo persistente (Distimia)","robots":{"index":"index","follow":"follow","max-snippet":"max-snippet:-1","max-image-preview":"max-image-preview:large","max-video-preview":"max-video-preview:-1"},"canonical":"https:\/\/saludmentalalmeria.com\/en\/trastorno-depresivo-persistente-distimia\/","og_locale":"en_GB","og_type":"article","og_title":"Trastorno Depresivo Persistente (Distimia)","og_description":"Trastorno depresivo persistente (Distimia)","og_url":"https:\/\/saludmentalalmeria.com\/en\/trastorno-depresivo-persistente-distimia\/","og_site_name":"Salud Mental en Almer&iacute;a","article_modified_time":"2025-01-08T01:40:32+00:00","og_image":[{"width":1000,"height":666,"url":"https:\/\/saludmentalalmeria.com\/wp-content\/uploads\/2025\/01\/Distimia1.jpg","type":"image\/jpeg"}],"twitter_card":"summary_large_image","twitter_misc":{"Estimated reading time":"2 minutes"},"schema":{"@context":"https:\/\/schema.org","@graph":[{"@type":"WebPage","@id":"https:\/\/saludmentalalmeria.com\/trastorno-depresivo-persistente-distimia","url":"https:\/\/saludmentalalmeria.com\/trastorno-depresivo-persistente-distimia","name":"Trastorno Depresivo Persistente (Distimia)","isPartOf":{"@id":"https:\/\/saludmentalalmeria.com\/#website"},"primaryImageOfPage":{"@id":"https:\/\/saludmentalalmeria.com\/trastorno-depresivo-persistente-distimia#primaryimage"},"image":{"@id":"https:\/\/saludmentalalmeria.com\/trastorno-depresivo-persistente-distimia#primaryimage"},"thumbnailUrl":"https:\/\/saludmentalalmeria.com\/wp-content\/uploads\/2025\/01\/Distimia1.jpg","datePublished":"2025-01-07T20:15:36+00:00","dateModified":"2025-01-08T01:40:32+00:00","description":"Trastorno depresivo persistente (Distimia)","breadcrumb":{"@id":"https:\/\/saludmentalalmeria.com\/trastorno-depresivo-persistente-distimia#breadcrumb"},"inLanguage":"en-GB","potentialAction":[{"@type":"ReadAction","target":["https:\/\/saludmentalalmeria.com\/trastorno-depresivo-persistente-distimia"]}]},{"@type":"ImageObject","inLanguage":"en-GB","@id":"https:\/\/saludmentalalmeria.com\/trastorno-depresivo-persistente-distimia#primaryimage","url":"https:\/\/saludmentalalmeria.com\/wp-content\/uploads\/2025\/01\/Distimia1.jpg","contentUrl":"https:\/\/saludmentalalmeria.com\/wp-content\/uploads\/2025\/01\/Distimia1.jpg"},{"@type":"BreadcrumbList","@id":"https:\/\/saludmentalalmeria.com\/trastorno-depresivo-persistente-distimia#breadcrumb","itemListElement":[{"@type":"ListItem","position":1,"name":"Portada","item":"https:\/\/saludmentalalmeria.com\/"},{"@type":"ListItem","position":2,"name":"Trastorno Depresivo Persistente (Distimia)"}]},{"@type":"WebSite","@id":"https:\/\/saludmentalalmeria.com\/#website","url":"https:\/\/saludmentalalmeria.com\/","name":"Salud Mental en Almer&iacute;a","description":"Psiquiatr&iacute;a y Psicolog&iacute;a Grupo Lescoms","publisher":{"@id":"https:\/\/saludmentalalmeria.com\/#organization"},"potentialAction":[{"@type":"SearchAction","target":{"@type":"EntryPoint","urlTemplate":"https:\/\/saludmentalalmeria.com\/?s={search_term_string}"},"query-input":{"@type":"PropertyValueSpecification","valueRequired":true,"valueName":"search_term_string"}}],"inLanguage":"en-GB"},{"@type":"Organization","@id":"https:\/\/saludmentalalmeria.com\/#organization","name":"Lescoms","url":"https:\/\/saludmentalalmeria.com\/","logo":{"@type":"ImageObject","inLanguage":"en-GB","@id":"https:\/\/saludmentalalmeria.com\/#\/schema\/logo\/image\/","url":"https:\/\/saludmentalalmeria.com\/wp-content\/uploads\/2021\/06\/Disen\u0303o-sin-ti\u0301tulo-1-copia.png","contentUrl":"https:\/\/saludmentalalmeria.com\/wp-content\/uploads\/2021\/06\/Disen\u0303o-sin-ti\u0301tulo-1-copia.png","width":300,"height":150,"caption":"Lescoms"},"image":{"@id":"https:\/\/saludmentalalmeria.com\/#\/schema\/logo\/image\/"}}]}},"_links":{"self":[{"href":"https:\/\/saludmentalalmeria.com\/en\/wp-json\/wp\/v2\/pages\/2232","targetHints":{"allow":["GET"]}}],"collection":[{"href":"https:\/\/saludmentalalmeria.com\/en\/wp-json\/wp\/v2\/pages"}],"about":[{"href":"https:\/\/saludmentalalmeria.com\/en\/wp-json\/wp\/v2\/types\/page"}],"author":[{"embeddable":true,"href":"https:\/\/saludmentalalmeria.com\/en\/wp-json\/wp\/v2\/users\/1"}],"replies":[{"embeddable":true,"href":"https:\/\/saludmentalalmeria.com\/en\/wp-json\/wp\/v2\/comments?post=2232"}],"version-history":[{"count":2,"href":"https:\/\/saludmentalalmeria.com\/en\/wp-json\/wp\/v2\/pages\/2232\/revisions"}],"predecessor-version":[{"id":2248,"href":"https:\/\/saludmentalalmeria.com\/en\/wp-json\/wp\/v2\/pages\/2232\/revisions\/2248"}],"wp:attachment":[{"href":"https:\/\/saludmentalalmeria.com\/en\/wp-json\/wp\/v2\/media?parent=2232"}],"curies":[{"name":"wp","href":"https:\/\/api.w.org\/{rel}","templated":true}]}}