{"id":1299,"date":"2021-05-04T12:13:57","date_gmt":"2021-05-04T12:13:57","guid":{"rendered":"https:\/\/archcode.dexignzone.com\/wp\/demo\/?page_id=13"},"modified":"2021-05-04T12:13:57","modified_gmt":"2021-05-04T12:13:57","slug":"contact-us","status":"publish","type":"page","link":"https:\/\/saludmentalalmeria.com\/en\/contact-us","title":{"rendered":"Contact Us"},"content":{"rendered":"\t\t<div data-elementor-type=\"wp-page\" data-elementor-id=\"1299\" class=\"elementor elementor-1299\" data-elementor-post-type=\"page\">\n\t\t\t\t\t\t<section class=\"elementor-section elementor-top-section elementor-element elementor-element-7228040 elementor-section-full_width elementor-section-height-default elementor-section-height-default\" data-id=\"7228040\" data-element_type=\"section\" data-e-type=\"section\">\n\t\t\t\t\t\t<div class=\"elementor-container elementor-column-gap-custom\">\n\t\t\t\t\t<div class=\"elementor-column elementor-col-100 elementor-top-column elementor-element elementor-element-a5e1f7e\" data-id=\"a5e1f7e\" data-element_type=\"column\" data-e-type=\"column\">\n\t\t\t<div class=\"elementor-widget-wrap elementor-element-populated\">\n\t\t\t\t\t\t<div class=\"elementor-element elementor-element-a57b50e elementor-widget elementor-widget-dz-contact-form-1\" data-id=\"a57b50e\" data-element_type=\"widget\" data-e-type=\"widget\" data-widget_type=\"dz-contact-form-1.default\">\n\t\t\t\t<div class=\"elementor-widget-container\">\n\t\t\t\t\t<section class=\"content-inner\">\r\n\t<div class=\"container\">\r\n\t\t<div class=\"row\">\r\n\t\t\t\t\t\t\t<div class=\"col-lg-4 col-md-6 m-b30 aos-item\" data-aos=\"fade-up\" data-aos-duration=\"800\" data-aos-delay=\"200\">\r\n\t\t\t\t\t<div class=\"icon-bx-wraper style-8 bg-white\" data-name=\"01\">\r\n\t\t\t\t\t\t\t\t\t\t\t\t\t<div class=\"icon-md m-r20\">\r\n\t\t\t\t\t\t\t\t<span class=\"icon-cell text-primary\">\r\n\t\t\t\t\t\t\t\t\t<i class=\"flaticon flaticon-telephone\"><\/i>\r\n\t\t\t\t\t\t\t\t<\/span> \r\n\t\t\t\t\t\t\t<\/div>\r\n\t\t\t\t\t\t\t\t\t\t\t\t\r\n\t\t\t\t\t\t<div class=\"icon-content\">\r\n\t\t\t\t\t\t\r\n\t\t\t\t\t\t\t\t\t\t\t\t\t\t\t<h4 class=\"tilte m-b10\">\r\n\t\t\t\t\t\t\t\t\tCall Now\t\t\t\t\t\t\t\t<\/h4>\r\n\t\t\t\t\t\t\t\t\t\t\t\t\t\t\r\n\t\t\t\t\t\t\t\t\t\t\t\t\t\t\t<p class=\"m-b0\">\r\n\t\t\t\t\t\t\t\t\t+91 123 456 7890, <br> +91 123 456 7890\t\t\t\t\t\t\t\t<\/p>\r\n\t\t\t\t\t\t\t\t\t\t\t\t\t<\/div>\r\n\t\t\t\t\t<\/div>\r\n\t\t\t\t<\/div>\r\n\t\t\t\t\t\t\t<div class=\"col-lg-4 col-md-6 m-b30 aos-item\" data-aos=\"fade-up\" data-aos-duration=\"800\" data-aos-delay=\"200\">\r\n\t\t\t\t\t<div class=\"icon-bx-wraper style-8 bg-white\" data-name=\"02\">\r\n\t\t\t\t\t\t\t\t\t\t\t\t\t<div class=\"icon-md m-r20\">\r\n\t\t\t\t\t\t\t\t<span class=\"icon-cell text-primary\">\r\n\t\t\t\t\t\t\t\t\t<i class=\"flaticon flaticon-placeholder\"><\/i>\r\n\t\t\t\t\t\t\t\t<\/span> \r\n\t\t\t\t\t\t\t<\/div>\r\n\t\t\t\t\t\t\t\t\t\t\t\t\r\n\t\t\t\t\t\t<div class=\"icon-content\">\r\n\t\t\t\t\t\t\r\n\t\t\t\t\t\t\t\t\t\t\t\t\t\t\t<h4 class=\"tilte m-b10\">\r\n\t\t\t\t\t\t\t\t\tLocation\t\t\t\t\t\t\t\t<\/h4>\r\n\t\t\t\t\t\t\t\t\t\t\t\t\t\t\r\n\t\t\t\t\t\t\t\t\t\t\t\t\t\t\t<p class=\"m-b0\">\r\n\t\t\t\t\t\t\t\t\tinfo@gmail.com, <br> services@gmail.com\t\t\t\t\t\t\t\t<\/p>\r\n\t\t\t\t\t\t\t\t\t\t\t\t\t<\/div>\r\n\t\t\t\t\t<\/div>\r\n\t\t\t\t<\/div>\r\n\t\t\t\t\t\t\t<div class=\"col-lg-4 col-md-6 m-b30 aos-item\" data-aos=\"fade-up\" data-aos-duration=\"800\" data-aos-delay=\"200\">\r\n\t\t\t\t\t<div class=\"icon-bx-wraper style-8 bg-white\" data-name=\"03\">\r\n\t\t\t\t\t\t\t\t\t\t\t\t\t<div class=\"icon-md m-r20\">\r\n\t\t\t\t\t\t\t\t<span class=\"icon-cell text-primary\">\r\n\t\t\t\t\t\t\t\t\t<i class=\"flaticon flaticon-email\"><\/i>\r\n\t\t\t\t\t\t\t\t<\/span> \r\n\t\t\t\t\t\t\t<\/div>\r\n\t\t\t\t\t\t\t\t\t\t\t\t\r\n\t\t\t\t\t\t<div class=\"icon-content\">\r\n\t\t\t\t\t\t\r\n\t\t\t\t\t\t\t\t\t\t\t\t\t\t\t<h4 class=\"tilte m-b10\">\r\n\t\t\t\t\t\t\t\t\tEmail Now\t\t\t\t\t\t\t\t<\/h4>\r\n\t\t\t\t\t\t\t\t\t\t\t\t\t\t\r\n\t\t\t\t\t\t\t\t\t\t\t\t\t\t\t<p class=\"m-b0\">\r\n\t\t\t\t\t\t\t\t\t15\/B Miranda House, New York, US\t\t\t\t\t\t\t\t<\/p>\r\n\t\t\t\t\t\t\t\t\t\t\t\t\t<\/div>\r\n\t\t\t\t\t<\/div>\r\n\t\t\t\t<\/div>\r\n\t\t\t\t\t<\/div>\r\n\t<\/div>\r\n<\/section>\r\n\r\n\r\n<!-- Contact Form -->\r\n<section class=\"content-inner-1 pt-0\">\r\n\t\t\t<div class=\"map-iframe\">\r\n\t\t\t<div class=\"BorlabsCookie\"><div class=\"_brlbs-content-blocker\"> <div class=\"_brlbs-embed _brlbs-google-maps\"> <img decoding=\"async\" class=\"_brlbs-thumbnail\" src=\"https:\/\/saludmentalalmeria.com\/wp-content\/plugins\/borlabs-cookie\/images\/cb-maps.png\" alt=\"Google Maps\"> <div class=\"_brlbs-caption\"> <p>Al cargar el mapa, acepta la pol\u00edtica de privacidad de Google.<br><a href=\"https:\/\/policies.google.com\/privacy?hl=en&amp;gl=en\" target=\"_blank\" rel=\"nofollow noopener noreferrer\">M\u00e1s informaci\u00f3n<\/a><\/p> <p><a class=\"_brlbs-btn\" href=\"#\" data-borlabs-cookie-unblock role=\"button\">Cargar el mapa<\/a><\/p> <p><label><input type=\"checkbox\" name=\"unblockAll\" value=\"1\" checked> <small>Desbloquear Google Maps siempre<\/small><\/label><\/p> <\/div> <\/div> <\/div><div class=\"borlabs-hide\" data-borlabs-cookie-type=\"content-blocker\" data-borlabs-cookie-id=\"googlemaps\"><script type=\"text\/template\">PGlmcmFtZSBzcmM9Imh0dHBzOi8vd3d3Lmdvb2dsZS5jb20vbWFwcy9lbWJlZD9wYj0hMW0xOCExbTEyITFtMyExZDIyNzc0OC4zODI1NjI0NDc3ITJkNzUuNjUwNDY5NzA2NDk2NzkhM2QyNi44ODU0NDc5MTc5NjcxOCEybTMhMWYwITJmMCEzZjAhM20yITFpMTAyNCEyaTc2OCE0ZjEzLjEhM20zITFtMiExczB4Mzk2YzRhZGY0YzU3ZTI4MSUzQTB4Y2UxYzYzYTBjZjIyZTA5ITJzSmFpcHVyJTJDK1JhamFzdGhhbiE1ZTAhM20yITFzZW4hMnNpbiE0djE1MDA4MTk0ODMyMTkiIGNsYXNzPSJhbGlnbi1zZWxmLXN0cmV0Y2ggcmFkaXVzLXNtIiBzdHlsZT0iYm9yZGVyOjA7IHdpZHRoOjEwMCU7IG1pbi1oZWlnaHQ6MTAwJTsiIGFsbG93ZnVsbHNjcmVlbj48L2lmcmFtZT4=<\/script><\/div><\/div>\t\t<\/div>\r\n\t\t\r\n\t<div class=\"container\">\r\n\t\t<div class=\"contact-area1 aos-item\" data-aos=\"fade-up\" data-aos-duration=\"800\" data-aos-delay=\"400\">\r\n\t\t\t\t\t\t\t<div class=\"section-head style-1 text-center\">\r\n\t\t\t\t\r\n\t\t\t\t\t\t\t\t\t\t\t<h6 class=\"sub-title text-primary\">\r\n\t\t\t\t\t\t\tCONTACT US\t\t\t\t\t\t<\/h6>\r\n\t\t\t\t\t\t\t\t\t\t\r\n\t\t\t\t\t<h2 class=\"title\">\r\n\t\t\t\t\t\tGet In Touch With Us\t\t\t\t\t<\/h2>\r\n\t\t\t\t\t\r\n\t\t\t\t\t\t\t\t\t<\/div>\r\n\t\t\t\t\t\t\r\n\t\t\t\t\t\t\t<div class=\"dz-form style-1 dzForm\">\r\n\t\t\t\t\t\n<div class=\"wpcf7 no-js\" id=\"wpcf7-f122-o1\" lang=\"en-US\" dir=\"ltr\" data-wpcf7-id=\"122\">\n<div class=\"screen-reader-response\"><p role=\"status\" aria-live=\"polite\" aria-atomic=\"true\"><\/p> <ul><\/ul><\/div>\n<form action=\"\/en\/wp-json\/wp\/v2\/pages\/1299#wpcf7-f122-o1\" method=\"post\" class=\"wpcf7-form init\" aria-label=\"Contact form\" novalidate=\"novalidate\" data-status=\"init\">\n<fieldset class=\"hidden-fields-container\"><input type=\"hidden\" name=\"_wpcf7\" value=\"122\" \/><input type=\"hidden\" name=\"_wpcf7_version\" value=\"6.1.5\" \/><input type=\"hidden\" name=\"_wpcf7_locale\" value=\"en_US\" \/><input type=\"hidden\" name=\"_wpcf7_unit_tag\" value=\"wpcf7-f122-o1\" \/><input type=\"hidden\" name=\"_wpcf7_container_post\" value=\"0\" \/><input type=\"hidden\" name=\"_wpcf7_posted_data_hash\" value=\"\" \/>\n<\/fieldset>\n<div class=\"row sp10\">\n<div class=\"col-sm-6 m-b20\">\n<span class=\"wpcf7-form-control-wrap\" data-name=\"dzfName\"><input size=\"40\" maxlength=\"400\" class=\"wpcf7-form-control wpcf7-text form-control\" aria-invalid=\"false\" placeholder=\"First Name\" value=\"\" type=\"text\" name=\"dzfName\" \/><\/span>\n<\/div>\n<div class=\"col-sm-6 m-b20\">\n<span class=\"wpcf7-form-control-wrap\" data-name=\"dzlName\"><input size=\"40\" maxlength=\"400\" class=\"wpcf7-form-control wpcf7-text form-control\" aria-invalid=\"false\" placeholder=\"Last Name\" value=\"\" type=\"text\" name=\"dzlName\" \/><\/span>\n<\/div>\n<div class=\"col-sm-6 m-b20\">\n<span class=\"wpcf7-form-control-wrap\" data-name=\"dzEmail\"><input size=\"40\" maxlength=\"400\" class=\"wpcf7-form-control wpcf7-email wpcf7-text wpcf7-validates-as-email form-control\" aria-invalid=\"false\" placeholder=\"Your Email Address\" value=\"\" type=\"email\" name=\"dzEmail\" \/><\/span>\n<\/div>\n<div class=\"col-sm-6 m-b20\">\n<span class=\"wpcf7-form-control-wrap\" data-name=\"dzphone\"><input size=\"40\" maxlength=\"400\" class=\"wpcf7-form-control wpcf7-text form-control\" aria-invalid=\"false\" placeholder=\"Phone Number\" value=\"\" type=\"text\" name=\"dzphone\" \/><\/span>\n<\/div>\n<div class=\"col-sm-12 m-b20\">\n<span class=\"wpcf7-form-control-wrap\" data-name=\"dzsubject\"><input size=\"40\" maxlength=\"400\" class=\"wpcf7-form-control wpcf7-text form-control\" aria-invalid=\"false\" placeholder=\"Subject\" value=\"\" type=\"text\" name=\"dzsubject\" \/><\/span>\n<\/div>\n<div class=\"col-sm-12 m-b20\">\n<span class=\"wpcf7-form-control-wrap\" data-name=\"dzMessage\"><textarea cols=\"40\" rows=\"10\" maxlength=\"2000\" class=\"wpcf7-form-control wpcf7-textarea form-control\" aria-invalid=\"false\" placeholder=\"Your Message....\" name=\"dzMessage\"><\/textarea><\/span>\n<\/div>\n<div class=\"col-sm-12 text-center\">\n<input class=\"wpcf7-form-control wpcf7-submit has-spinner btn btn-primary btn-rounded\" type=\"submit\" value=\"SUBSCRIBE NOW\" \/>\n<\/div>\n<\/div><p style=\"display: none !important;\" class=\"akismet-fields-container\" data-prefix=\"_wpcf7_ak_\"><label>&#916;<textarea name=\"_wpcf7_ak_hp_textarea\" cols=\"45\" rows=\"8\" maxlength=\"100\"><\/textarea><\/label><input type=\"hidden\" id=\"ak_js_1\" name=\"_wpcf7_ak_js\" value=\"111\"\/><script type=\"text\/javascript\">\n\/* <![CDATA[ *\/\ndocument.getElementById( \"ak_js_1\" ).setAttribute( \"value\", ( new Date() ).getTime() );\n\/* ]]> *\/\n<\/script>\n<\/p><div class=\"wpcf7-response-output\" aria-hidden=\"true\"><\/div>\n<\/form>\n<\/div>\n\t\t\t\t\t\r\n\t\t\t\t<\/div>\r\n\t\t\t\t\t<\/div>\r\n\t<\/div>\r\n<\/section>\t\t\t\t<\/div>\n\t\t\t\t<\/div>\n\t\t\t\t\t<\/div>\n\t\t<\/div>\n\t\t\t\t\t<\/div>\n\t\t<\/section>\n\t\t\t\t<\/div>\n\t\t","protected":false},"excerpt":{"rendered":"<p>Call Now +91 123 456 7890, +91 123 456 7890 Location info@gmail.com, services@gmail.com Email Now 15\/B Miranda House, New York, US Al cargar el mapa, acepta la pol\u00edtica de privacidad de Google.M\u00e1s informaci\u00f3n Cargar el mapa Desbloquear Google Maps siempre CONTACT US Get In Touch With Us<\/p>","protected":false},"author":1,"featured_media":0,"parent":0,"menu_order":0,"comment_status":"closed","ping_status":"closed","template":"archcode_homepage.php","meta":{"footnotes":""},"class_list":["post-1299","page","type-page","status-publish","hentry"],"yoast_head":"<!-- This site is optimized with the Yoast SEO Premium plugin v20.3 (Yoast SEO v27.5) - https:\/\/yoast.com\/product\/yoast-seo-premium-wordpress\/ -->\n<title>Contact Us - Salud Mental en Almer&iacute;a<\/title>\n<meta name=\"robots\" content=\"index, follow, max-snippet:-1, max-image-preview:large, max-video-preview:-1\" \/>\n<link rel=\"canonical\" href=\"https:\/\/saludmentalalmeria.com\/en\/contact-us\/\" \/>\n<meta property=\"og:locale\" content=\"en_GB\" \/>\n<meta property=\"og:type\" content=\"article\" \/>\n<meta property=\"og:title\" content=\"Contact Us\" \/>\n<meta property=\"og:description\" content=\"Call Now +91 123 456 7890, +91 123 456 7890 Location info@gmail.com, services@gmail.com Email Now 15\/B Miranda House, New York, US Al cargar el mapa, acepta la pol\u00edtica de privacidad de Google.M\u00e1s informaci\u00f3n Cargar el mapa Desbloquear Google Maps siempre CONTACT US Get In Touch With Us\" \/>\n<meta property=\"og:url\" content=\"https:\/\/saludmentalalmeria.com\/en\/contact-us\/\" \/>\n<meta property=\"og:site_name\" content=\"Salud Mental en Almer&iacute;a\" \/>\n<meta name=\"twitter:card\" content=\"summary_large_image\" \/>\n<script type=\"application\/ld+json\" class=\"yoast-schema-graph\">{\"@context\":\"https:\\\/\\\/schema.org\",\"@graph\":[{\"@type\":\"WebPage\",\"@id\":\"https:\\\/\\\/saludmentalalmeria.com\\\/contact-us\",\"url\":\"https:\\\/\\\/saludmentalalmeria.com\\\/contact-us\",\"name\":\"Contact Us - Salud Mental en Almer&iacute;a\",\"isPartOf\":{\"@id\":\"https:\\\/\\\/saludmentalalmeria.com\\\/#website\"},\"datePublished\":\"2021-05-04T12:13:57+00:00\",\"breadcrumb\":{\"@id\":\"https:\\\/\\\/saludmentalalmeria.com\\\/contact-us#breadcrumb\"},\"inLanguage\":\"en-GB\",\"potentialAction\":[{\"@type\":\"ReadAction\",\"target\":[\"https:\\\/\\\/saludmentalalmeria.com\\\/contact-us\"]}]},{\"@type\":\"BreadcrumbList\",\"@id\":\"https:\\\/\\\/saludmentalalmeria.com\\\/contact-us#breadcrumb\",\"itemListElement\":[{\"@type\":\"ListItem\",\"position\":1,\"name\":\"Portada\",\"item\":\"https:\\\/\\\/saludmentalalmeria.com\\\/\"},{\"@type\":\"ListItem\",\"position\":2,\"name\":\"Contact Us\"}]},{\"@type\":\"WebSite\",\"@id\":\"https:\\\/\\\/saludmentalalmeria.com\\\/#website\",\"url\":\"https:\\\/\\\/saludmentalalmeria.com\\\/\",\"name\":\"Salud Mental en Almer&iacute;a\",\"description\":\"Psiquiatr&iacute;a y Psicolog&iacute;a Grupo Lescoms\",\"publisher\":{\"@id\":\"https:\\\/\\\/saludmentalalmeria.com\\\/#organization\"},\"potentialAction\":[{\"@type\":\"SearchAction\",\"target\":{\"@type\":\"EntryPoint\",\"urlTemplate\":\"https:\\\/\\\/saludmentalalmeria.com\\\/?s={search_term_string}\"},\"query-input\":{\"@type\":\"PropertyValueSpecification\",\"valueRequired\":true,\"valueName\":\"search_term_string\"}}],\"inLanguage\":\"en-GB\"},{\"@type\":\"Organization\",\"@id\":\"https:\\\/\\\/saludmentalalmeria.com\\\/#organization\",\"name\":\"Lescoms\",\"url\":\"https:\\\/\\\/saludmentalalmeria.com\\\/\",\"logo\":{\"@type\":\"ImageObject\",\"inLanguage\":\"en-GB\",\"@id\":\"https:\\\/\\\/saludmentalalmeria.com\\\/#\\\/schema\\\/logo\\\/image\\\/\",\"url\":\"https:\\\/\\\/saludmentalalmeria.com\\\/wp-content\\\/uploads\\\/2021\\\/06\\\/Disen\u0303o-sin-ti\u0301tulo-1-copia.png\",\"contentUrl\":\"https:\\\/\\\/saludmentalalmeria.com\\\/wp-content\\\/uploads\\\/2021\\\/06\\\/Disen\u0303o-sin-ti\u0301tulo-1-copia.png\",\"width\":300,\"height\":150,\"caption\":\"Lescoms\"},\"image\":{\"@id\":\"https:\\\/\\\/saludmentalalmeria.com\\\/#\\\/schema\\\/logo\\\/image\\\/\"}}]}<\/script>\n<!-- \/ Yoast SEO Premium plugin. -->","yoast_head_json":{"title":"Contact Us - Salud Mental en Almer&iacute;a","robots":{"index":"index","follow":"follow","max-snippet":"max-snippet:-1","max-image-preview":"max-image-preview:large","max-video-preview":"max-video-preview:-1"},"canonical":"https:\/\/saludmentalalmeria.com\/en\/contact-us\/","og_locale":"en_GB","og_type":"article","og_title":"Contact Us","og_description":"Call Now +91 123 456 7890, +91 123 456 7890 Location info@gmail.com, services@gmail.com Email Now 15\/B Miranda House, New York, US Al cargar el mapa, acepta la pol\u00edtica de privacidad de Google.M\u00e1s informaci\u00f3n Cargar el mapa Desbloquear Google Maps siempre CONTACT US Get In Touch With Us","og_url":"https:\/\/saludmentalalmeria.com\/en\/contact-us\/","og_site_name":"Salud Mental en Almer&iacute;a","twitter_card":"summary_large_image","schema":{"@context":"https:\/\/schema.org","@graph":[{"@type":"WebPage","@id":"https:\/\/saludmentalalmeria.com\/contact-us","url":"https:\/\/saludmentalalmeria.com\/contact-us","name":"Contact Us - Salud Mental en Almer&iacute;a","isPartOf":{"@id":"https:\/\/saludmentalalmeria.com\/#website"},"datePublished":"2021-05-04T12:13:57+00:00","breadcrumb":{"@id":"https:\/\/saludmentalalmeria.com\/contact-us#breadcrumb"},"inLanguage":"en-GB","potentialAction":[{"@type":"ReadAction","target":["https:\/\/saludmentalalmeria.com\/contact-us"]}]},{"@type":"BreadcrumbList","@id":"https:\/\/saludmentalalmeria.com\/contact-us#breadcrumb","itemListElement":[{"@type":"ListItem","position":1,"name":"Portada","item":"https:\/\/saludmentalalmeria.com\/"},{"@type":"ListItem","position":2,"name":"Contact Us"}]},{"@type":"WebSite","@id":"https:\/\/saludmentalalmeria.com\/#website","url":"https:\/\/saludmentalalmeria.com\/","name":"Salud Mental en Almer&iacute;a","description":"Psiquiatr&iacute;a y Psicolog&iacute;a Grupo Lescoms","publisher":{"@id":"https:\/\/saludmentalalmeria.com\/#organization"},"potentialAction":[{"@type":"SearchAction","target":{"@type":"EntryPoint","urlTemplate":"https:\/\/saludmentalalmeria.com\/?s={search_term_string}"},"query-input":{"@type":"PropertyValueSpecification","valueRequired":true,"valueName":"search_term_string"}}],"inLanguage":"en-GB"},{"@type":"Organization","@id":"https:\/\/saludmentalalmeria.com\/#organization","name":"Lescoms","url":"https:\/\/saludmentalalmeria.com\/","logo":{"@type":"ImageObject","inLanguage":"en-GB","@id":"https:\/\/saludmentalalmeria.com\/#\/schema\/logo\/image\/","url":"https:\/\/saludmentalalmeria.com\/wp-content\/uploads\/2021\/06\/Disen\u0303o-sin-ti\u0301tulo-1-copia.png","contentUrl":"https:\/\/saludmentalalmeria.com\/wp-content\/uploads\/2021\/06\/Disen\u0303o-sin-ti\u0301tulo-1-copia.png","width":300,"height":150,"caption":"Lescoms"},"image":{"@id":"https:\/\/saludmentalalmeria.com\/#\/schema\/logo\/image\/"}}]}},"_links":{"self":[{"href":"https:\/\/saludmentalalmeria.com\/en\/wp-json\/wp\/v2\/pages\/1299","targetHints":{"allow":["GET"]}}],"collection":[{"href":"https:\/\/saludmentalalmeria.com\/en\/wp-json\/wp\/v2\/pages"}],"about":[{"href":"https:\/\/saludmentalalmeria.com\/en\/wp-json\/wp\/v2\/types\/page"}],"author":[{"embeddable":true,"href":"https:\/\/saludmentalalmeria.com\/en\/wp-json\/wp\/v2\/users\/1"}],"replies":[{"embeddable":true,"href":"https:\/\/saludmentalalmeria.com\/en\/wp-json\/wp\/v2\/comments?post=1299"}],"version-history":[{"count":0,"href":"https:\/\/saludmentalalmeria.com\/en\/wp-json\/wp\/v2\/pages\/1299\/revisions"}],"wp:attachment":[{"href":"https:\/\/saludmentalalmeria.com\/en\/wp-json\/wp\/v2\/media?parent=1299"}],"curies":[{"name":"wp","href":"https:\/\/api.w.org\/{rel}","templated":true}]}}